{"id":2775,"date":"2024-03-02T17:01:44","date_gmt":"2024-03-02T16:01:44","guid":{"rendered":"https:\/\/diamor1.com\/?post_type=product&#038;p=2775"},"modified":"2025-09-11T03:15:38","modified_gmt":"2025-09-11T01:15:38","slug":"sertla","status":"publish","type":"product","link":"https:\/\/diamor1.com\/index.php\/product\/sertla\/","title":{"rendered":"SERTLA 7"},"content":{"rendered":"\n<p class=\"has-text-align-left\">\u2013 une collection de 7 bracelets en acier inoxydable, alliant tradition et modernit\u00e9.<br>\u2013 4 bracelets simples et 3 torsad\u00e9s, s\u2019inspire des bijoux marocains anciens.<br>\u2013 Une qualit\u00e9 durable de l\u2019acier inoxydable garantit un accessoire \u00e0 la fois \u00e9l\u00e9gant et r\u00e9sistant.<br>\u2013 Disponible en 3 tailles : petite, moyenne et Grande<br><strong>Mat\u00e9riaux:<br><\/strong>Nos bijoux sont fabriqu\u00e9s en acier inoxydable, un mat\u00e9riau durable et hypoallerg\u00e9nique. Ils r\u00e9sistent \u00e0 l\u2019eau, ce qui vous permet de les porter en toute situation sans vous soucier de les ab\u00eemer. De plus, ils ne n\u00e9cessitent aucun entretien particulier et ne pr\u00e9sentent aucun risque pour la peau, ce qui les rend parfaits pour un usage quotidien. Gr\u00e2ce \u00e0 l\u2019utilisation de ce mat\u00e9riau de qualit\u00e9, vous pouvez obtenir des bijoux exceptionnels \u00e0 un prix abordable.<br><strong>Livraison:<br><\/strong>20 DH par commande, offerts pour tout achat de 300 DH ou plus.<br>Recevez votre commande dans un d\u00e9lai de 2 \u00e0 3 jours ouvr\u00e9s.<\/p>\n","protected":false},"excerpt":{"rendered":"<p>Sertla 7 Pi\u00e8ces en acier inoxydable<\/p>\n","protected":false},"featured_media":2732,"comment_status":"open","ping_status":"closed","template":"","meta":{"om_disable_all_campaigns":false,"_monsterinsights_skip_tracking":false,"_monsterinsights_sitenote_active":false,"_monsterinsights_sitenote_note":"","_monsterinsights_sitenote_category":0},"product_cat":[36],"product_tag":[],"class_list":{"0":"post-2775","1":"product","2":"type-product","3":"status-publish","4":"has-post-thumbnail","6":"product_cat-bracelets","8":"first","9":"instock","10":"sale","11":"taxable","12":"shipping-taxable","13":"purchasable","14":"product-type-variable","15":"has-default-attributes","16":"layout-style-1","17":"col-md-4 col-sm-4 col-xs-6","18":"col-lg-3","19":"product-has-gallery","20":"product-style-default"},"aioseo_notices":[],"jetpack_sharing_enabled":true,"_links":{"self":[{"href":"https:\/\/diamor1.com\/index.php\/wp-json\/wp\/v2\/product\/2775","targetHints":{"allow":["GET"]}}],"collection":[{"href":"https:\/\/diamor1.com\/index.php\/wp-json\/wp\/v2\/product"}],"about":[{"href":"https:\/\/diamor1.com\/index.php\/wp-json\/wp\/v2\/types\/product"}],"replies":[{"embeddable":true,"href":"https:\/\/diamor1.com\/index.php\/wp-json\/wp\/v2\/comments?post=2775"}],"version-history":[{"count":4,"href":"https:\/\/diamor1.com\/index.php\/wp-json\/wp\/v2\/product\/2775\/revisions"}],"predecessor-version":[{"id":3082,"href":"https:\/\/diamor1.com\/index.php\/wp-json\/wp\/v2\/product\/2775\/revisions\/3082"}],"wp:featuredmedia":[{"embeddable":true,"href":"https:\/\/diamor1.com\/index.php\/wp-json\/wp\/v2\/media\/2732"}],"wp:attachment":[{"href":"https:\/\/diamor1.com\/index.php\/wp-json\/wp\/v2\/media?parent=2775"}],"wp:term":[{"taxonomy":"product_cat","embeddable":true,"href":"https:\/\/diamor1.com\/index.php\/wp-json\/wp\/v2\/product_cat?post=2775"},{"taxonomy":"product_tag","embeddable":true,"href":"https:\/\/diamor1.com\/index.php\/wp-json\/wp\/v2\/product_tag?post=2775"}],"curies":[{"name":"wp","href":"https:\/\/api.w.org\/{rel}","templated":true}]}}